{"id":486,"date":"2018-05-29T10:36:03","date_gmt":"2018-05-29T14:36:03","guid":{"rendered":"https:\/\/highfive.sociationdev.com\/?page_id=486"},"modified":"2022-08-23T15:28:30","modified_gmt":"2022-08-23T19:28:30","slug":"qui-nous-sommes","status":"publish","type":"page","link":"https:\/\/mail.uncoupdemainpourlesenfants.com\/fr\/qui-nous-sommes\/","title":{"rendered":"QUI NOUS SOMMES"},"content":{"rendered":"<p>La Fondation Un coup de main pour les enfants, fond\u00e9e en 2005 comme \u0153uvre de charit\u00e9 sans but lucratif, r\u00e9alise la collecte et la redistribution de fonds dans le but d\u2019appuyer les membres et les divisions de l\u2019Association des industries de l\u2019automobile (AIA) du Canada \u00e0 soutenir des organismes de bienfaisance canadiens qui \u0153uvrent pour le mieux-\u00eatre des enfants et des jeunes.<\/p>\n<p>Nous sommes engag\u00e9s \u00e0 aider les enfants et les jeunes du Canada \u00e0 se b\u00e2tir un avenir meilleur en leur fournissant les outils, les possibilit\u00e9s et le soutien dont ils ont besoin. Les projets auxquels nous remettons des fonds fournissent de la formation, de l\u2019\u00e9quipement, de l\u2019exp\u00e9rience et de l\u2019assistance afin que les jeunes puissent r\u00e9aliser leur plein potentiel.<\/p>\n<h2>Nos activit\u00e9s<\/h2>\n<p>Gr\u00e2ce aux divisions locales de l\u2019AIA Canada, nous rejoignons directement les collectivit\u00e9s et leur offrons de l\u2019aide l\u00e0 o\u00f9 c\u2019est n\u00e9cessaire. Sous l\u2019\u00e9gide de nos membres, la fondation organise plusieurs campagnes procurant des fonds \u00e0 de plus petits organismes qui pourraient sinon passer inaper\u00e7us.<\/p>\n<p>Non seulement visons-nous \u00e0 renforcer les collectivit\u00e9s locales, mais aussi nous tenons \u00e0 contribuer \u00e0 l\u2019industrie qui soutient notre fondation. Pour ce faire, des bourses d\u2019\u00e9tudes sont attribu\u00e9es tous les ans \u00e0 des \u00e9tudiants et des \u00e9tudiantes admissibles \u00e0 l\u2019\u00e9chelle du Canada. De l\u2019aide financi\u00e8re est distribu\u00e9e \u00e0 ceux et celles souhaitant poursuivre des \u00e9tudes dans le domaine du march\u00e9 secondaire de l\u2019automobile.<\/p>\n<h2>Notre mission<\/h2>\n<p>Inspirer et inciter les membres du march\u00e9 secondaire de l\u2019automobile au Canada \u00e0 apporter un changement positif et \u00e0 am\u00e9liorer la qualit\u00e9 de vie des enfants et des jeunes dans leurs collectivit\u00e9s.<\/p>\n<h2>Notre conseil<\/h2>\n<p><!-- <strong><span style=\"color: #ff0000;\">La Fondation Un coup de main pour les enfants de l\u2019AIA recrute des b\u00e9n\u00e9voles pour si\u00e9ger \u00e0 son conseil d\u2019administration. L\u2019engagement initial est de deux ans \u00e0 compter de l\u2019\u00e9lection, pour un maximum de quatre mandats.\u00a0<a style=\"color: #ff0000;\" href=\"https:\/\/aiahighfivesforkids.ca\/wp-content\/uploads\/2018\/09\/H5S4Ks-Board-Doc_FR-Sept12.pdf\">En lire plus ici.<\/a><\/span><\/strong> --><\/p>\n<p>Raymond Proulx, KYB America, <em>pr\u00e9sident du conseil<\/em><br \/>\nZara Wishloff, Automotive Parts Distributors<br \/>\nDave Fifield,\u00a0Wakefield Canada<br \/>\nSteve Bujold,\u00a0Vast-Auto Canada<br \/>\nMike Rutherford, OK Tire<br \/>\nAndrew Ross, CHAT Media<br \/>\nTom Dunlop, Specialty Sales and Marketing<\/p>\n","protected":false},"excerpt":{"rendered":"<p>La Fondation Un coup de main pour les enfants, fond\u00e9e en 2005 comme \u0153uvre de charit\u00e9 sans but lucratif, r\u00e9alise la collecte et la redistribution de fonds dans le but d\u2019appuyer les membres et les divisions de l\u2019Association des industries de l\u2019automobile (AIA) du Canada \u00e0 soutenir des organismes de bienfaisance canadiens qui \u0153uvrent pour [&hellip;]<\/p>\n","protected":false},"author":2,"featured_media":292,"parent":0,"menu_order":0,"comment_status":"closed","ping_status":"closed","template":"","meta":{"_acf_changed":false,"_genesis_hide_title":false,"_genesis_hide_breadcrumbs":false,"_genesis_hide_singular_image":false,"_genesis_hide_footer_widgets":false,"_genesis_custom_body_class":"","_genesis_custom_post_class":"","_genesis_layout":"","footnotes":""},"class_list":{"0":"post-486","1":"page","2":"type-page","3":"status-publish","4":"has-post-thumbnail","6":"entry"},"acf":[],"yoast_head":"<!-- This site is optimized with the Yoast SEO plugin v24.4 - https:\/\/yoast.com\/wordpress\/plugins\/seo\/ -->\n<title>QUI NOUS SOMMES - AIA High Fives For Kids Foundation<\/title>\n<meta name=\"robots\" content=\"index, follow, max-snippet:-1, max-image-preview:large, max-video-preview:-1\" \/>\n<link rel=\"canonical\" href=\"https:\/\/caf-fca.orgwww.caf-fca.org\/fr\/qui-nous-sommes\/\" \/>\n<meta property=\"og:locale\" content=\"fr_FR\" \/>\n<meta property=\"og:type\" content=\"article\" \/>\n<meta property=\"og:title\" content=\"QUI NOUS SOMMES - AIA High Fives For Kids Foundation\" \/>\n<meta property=\"og:description\" content=\"La Fondation Un coup de main pour les enfants, fond\u00e9e en 2005 comme \u0153uvre de charit\u00e9 sans but lucratif, r\u00e9alise la collecte et la redistribution de fonds dans le but d\u2019appuyer les membres et les divisions de l\u2019Association des industries de l\u2019automobile (AIA) du Canada \u00e0 soutenir des organismes de bienfaisance canadiens qui \u0153uvrent pour [&hellip;]\" \/>\n<meta property=\"og:url\" content=\"https:\/\/caf-fca.orgwww.caf-fca.org\/fr\/qui-nous-sommes\/\" \/>\n<meta property=\"og:site_name\" content=\"AIA High Fives For Kids Foundation\" \/>\n<meta property=\"article:modified_time\" content=\"2022-08-23T19:28:30+00:00\" \/>\n<meta property=\"og:image\" content=\"https:\/\/caf-fca.orgwww.caf-fca.org\/wp-content\/uploads\/2018\/05\/HIGH5-Ball-Girl.jpg\" \/>\n\t<meta property=\"og:image:width\" content=\"2000\" \/>\n\t<meta property=\"og:image:height\" content=\"800\" \/>\n\t<meta property=\"og:image:type\" content=\"image\/jpeg\" \/>\n<meta name=\"twitter:card\" content=\"summary_large_image\" \/>\n<meta name=\"twitter:label1\" content=\"Dur\u00e9e de lecture estim\u00e9e\" \/>\n\t<meta name=\"twitter:data1\" content=\"2 minutes\" \/>\n<script type=\"application\/ld+json\" class=\"yoast-schema-graph\">{\"@context\":\"https:\/\/schema.org\",\"@graph\":[{\"@type\":\"WebPage\",\"@id\":\"https:\/\/caf-fca.orgwww.caf-fca.org\/fr\/qui-nous-sommes\/\",\"url\":\"https:\/\/caf-fca.orgwww.caf-fca.org\/fr\/qui-nous-sommes\/\",\"name\":\"QUI NOUS SOMMES - AIA High Fives For Kids Foundation\",\"isPartOf\":{\"@id\":\"https:\/\/mail.aiahighfivesforkids.ca\/fr\/#website\"},\"primaryImageOfPage\":{\"@id\":\"https:\/\/caf-fca.orgwww.caf-fca.org\/fr\/qui-nous-sommes\/#primaryimage\"},\"image\":{\"@id\":\"https:\/\/caf-fca.orgwww.caf-fca.org\/fr\/qui-nous-sommes\/#primaryimage\"},\"thumbnailUrl\":\"https:\/\/mail.uncoupdemainpourlesenfants.com\/wp-content\/uploads\/2018\/05\/HIGH5-Ball-Girl.jpg\",\"datePublished\":\"2018-05-29T14:36:03+00:00\",\"dateModified\":\"2022-08-23T19:28:30+00:00\",\"breadcrumb\":{\"@id\":\"https:\/\/caf-fca.orgwww.caf-fca.org\/fr\/qui-nous-sommes\/#breadcrumb\"},\"inLanguage\":\"fr-FR\",\"potentialAction\":[{\"@type\":\"ReadAction\",\"target\":[\"https:\/\/caf-fca.orgwww.caf-fca.org\/fr\/qui-nous-sommes\/\"]}]},{\"@type\":\"ImageObject\",\"inLanguage\":\"fr-FR\",\"@id\":\"https:\/\/caf-fca.orgwww.caf-fca.org\/fr\/qui-nous-sommes\/#primaryimage\",\"url\":\"https:\/\/mail.uncoupdemainpourlesenfants.com\/wp-content\/uploads\/2018\/05\/HIGH5-Ball-Girl.jpg\",\"contentUrl\":\"https:\/\/mail.uncoupdemainpourlesenfants.com\/wp-content\/uploads\/2018\/05\/HIGH5-Ball-Girl.jpg\",\"width\":2000,\"height\":800},{\"@type\":\"BreadcrumbList\",\"@id\":\"https:\/\/caf-fca.orgwww.caf-fca.org\/fr\/qui-nous-sommes\/#breadcrumb\",\"itemListElement\":[{\"@type\":\"ListItem\",\"position\":1,\"name\":\"Home\",\"item\":\"https:\/\/mail.aiahighfivesforkids.ca\/fr\/\"},{\"@type\":\"ListItem\",\"position\":2,\"name\":\"QUI NOUS SOMMES\"}]},{\"@type\":\"WebSite\",\"@id\":\"https:\/\/mail.aiahighfivesforkids.ca\/fr\/#website\",\"url\":\"https:\/\/mail.aiahighfivesforkids.ca\/fr\/\",\"name\":\"AIA High Fives For Kids Foundation\",\"description\":\"\",\"potentialAction\":[{\"@type\":\"SearchAction\",\"target\":{\"@type\":\"EntryPoint\",\"urlTemplate\":\"https:\/\/mail.aiahighfivesforkids.ca\/fr\/?s={search_term_string}\"},\"query-input\":{\"@type\":\"PropertyValueSpecification\",\"valueRequired\":true,\"valueName\":\"search_term_string\"}}],\"inLanguage\":\"fr-FR\"}]}<\/script>\n<!-- \/ Yoast SEO plugin. -->","yoast_head_json":{"title":"QUI NOUS SOMMES - AIA High Fives For Kids Foundation","robots":{"index":"index","follow":"follow","max-snippet":"max-snippet:-1","max-image-preview":"max-image-preview:large","max-video-preview":"max-video-preview:-1"},"canonical":"https:\/\/caf-fca.orgwww.caf-fca.org\/fr\/qui-nous-sommes\/","og_locale":"fr_FR","og_type":"article","og_title":"QUI NOUS SOMMES - AIA High Fives For Kids Foundation","og_description":"La Fondation Un coup de main pour les enfants, fond\u00e9e en 2005 comme \u0153uvre de charit\u00e9 sans but lucratif, r\u00e9alise la collecte et la redistribution de fonds dans le but d\u2019appuyer les membres et les divisions de l\u2019Association des industries de l\u2019automobile (AIA) du Canada \u00e0 soutenir des organismes de bienfaisance canadiens qui \u0153uvrent pour [&hellip;]","og_url":"https:\/\/caf-fca.orgwww.caf-fca.org\/fr\/qui-nous-sommes\/","og_site_name":"AIA High Fives For Kids Foundation","article_modified_time":"2022-08-23T19:28:30+00:00","og_image":[{"width":2000,"height":800,"url":"https:\/\/caf-fca.orgwww.caf-fca.org\/wp-content\/uploads\/2018\/05\/HIGH5-Ball-Girl.jpg","type":"image\/jpeg"}],"twitter_card":"summary_large_image","twitter_misc":{"Dur\u00e9e de lecture estim\u00e9e":"2 minutes"},"schema":{"@context":"https:\/\/schema.org","@graph":[{"@type":"WebPage","@id":"https:\/\/caf-fca.orgwww.caf-fca.org\/fr\/qui-nous-sommes\/","url":"https:\/\/caf-fca.orgwww.caf-fca.org\/fr\/qui-nous-sommes\/","name":"QUI NOUS SOMMES - AIA High Fives For Kids Foundation","isPartOf":{"@id":"https:\/\/mail.aiahighfivesforkids.ca\/fr\/#website"},"primaryImageOfPage":{"@id":"https:\/\/caf-fca.orgwww.caf-fca.org\/fr\/qui-nous-sommes\/#primaryimage"},"image":{"@id":"https:\/\/caf-fca.orgwww.caf-fca.org\/fr\/qui-nous-sommes\/#primaryimage"},"thumbnailUrl":"https:\/\/mail.uncoupdemainpourlesenfants.com\/wp-content\/uploads\/2018\/05\/HIGH5-Ball-Girl.jpg","datePublished":"2018-05-29T14:36:03+00:00","dateModified":"2022-08-23T19:28:30+00:00","breadcrumb":{"@id":"https:\/\/caf-fca.orgwww.caf-fca.org\/fr\/qui-nous-sommes\/#breadcrumb"},"inLanguage":"fr-FR","potentialAction":[{"@type":"ReadAction","target":["https:\/\/caf-fca.orgwww.caf-fca.org\/fr\/qui-nous-sommes\/"]}]},{"@type":"ImageObject","inLanguage":"fr-FR","@id":"https:\/\/caf-fca.orgwww.caf-fca.org\/fr\/qui-nous-sommes\/#primaryimage","url":"https:\/\/mail.uncoupdemainpourlesenfants.com\/wp-content\/uploads\/2018\/05\/HIGH5-Ball-Girl.jpg","contentUrl":"https:\/\/mail.uncoupdemainpourlesenfants.com\/wp-content\/uploads\/2018\/05\/HIGH5-Ball-Girl.jpg","width":2000,"height":800},{"@type":"BreadcrumbList","@id":"https:\/\/caf-fca.orgwww.caf-fca.org\/fr\/qui-nous-sommes\/#breadcrumb","itemListElement":[{"@type":"ListItem","position":1,"name":"Home","item":"https:\/\/mail.aiahighfivesforkids.ca\/fr\/"},{"@type":"ListItem","position":2,"name":"QUI NOUS SOMMES"}]},{"@type":"WebSite","@id":"https:\/\/mail.aiahighfivesforkids.ca\/fr\/#website","url":"https:\/\/mail.aiahighfivesforkids.ca\/fr\/","name":"AIA High Fives For Kids Foundation","description":"","potentialAction":[{"@type":"SearchAction","target":{"@type":"EntryPoint","urlTemplate":"https:\/\/mail.aiahighfivesforkids.ca\/fr\/?s={search_term_string}"},"query-input":{"@type":"PropertyValueSpecification","valueRequired":true,"valueName":"search_term_string"}}],"inLanguage":"fr-FR"}]}},"_links":{"self":[{"href":"https:\/\/mail.uncoupdemainpourlesenfants.com\/fr\/wp-json\/wp\/v2\/pages\/486"}],"collection":[{"href":"https:\/\/mail.uncoupdemainpourlesenfants.com\/fr\/wp-json\/wp\/v2\/pages"}],"about":[{"href":"https:\/\/mail.uncoupdemainpourlesenfants.com\/fr\/wp-json\/wp\/v2\/types\/page"}],"author":[{"embeddable":true,"href":"https:\/\/mail.uncoupdemainpourlesenfants.com\/fr\/wp-json\/wp\/v2\/users\/2"}],"replies":[{"embeddable":true,"href":"https:\/\/mail.uncoupdemainpourlesenfants.com\/fr\/wp-json\/wp\/v2\/comments?post=486"}],"version-history":[{"count":14,"href":"https:\/\/mail.uncoupdemainpourlesenfants.com\/fr\/wp-json\/wp\/v2\/pages\/486\/revisions"}],"predecessor-version":[{"id":1205,"href":"https:\/\/mail.uncoupdemainpourlesenfants.com\/fr\/wp-json\/wp\/v2\/pages\/486\/revisions\/1205"}],"wp:featuredmedia":[{"embeddable":true,"href":"https:\/\/mail.uncoupdemainpourlesenfants.com\/fr\/wp-json\/wp\/v2\/media\/292"}],"wp:attachment":[{"href":"https:\/\/mail.uncoupdemainpourlesenfants.com\/fr\/wp-json\/wp\/v2\/media?parent=486"}],"curies":[{"name":"wp","href":"https:\/\/api.w.org\/{rel}","templated":true}]}}